{"id":136,"date":"2017-09-20T14:08:24","date_gmt":"2017-09-20T18:08:24","guid":{"rendered":"https:\/\/628saint-jacques.com\/?page_id=136\/"},"modified":"2025-09-30T23:06:33","modified_gmt":"2025-10-01T03:06:33","slug":"suites","status":"publish","type":"page","link":"https:\/\/628saint-jacques.com\/fr\/suites\/","title":{"rendered":"Havre de paix"},"content":{"rendered":"<p>Il y a un temps pour l\u2019effervescence et un temps pour le silence. Pour cette raison, chaque unit\u00e9 a \u00e9t\u00e9 pens\u00e9e pour vous offrir un espace intime o\u00f9 la luminosit\u00e9 est reine. Dans le plus grand confort, contemplez la montagne au nord, le fleuve au sud, et, tout autour de vous, la beaut\u00e9 de votre nouveau sanctuaire.<\/p>\n<p><a href=\"https:\/\/628saint-jacques.com\/wp-content\/uploads\/2025\/09\/Floor-Plan-Book-628-SJ-2024-12112024_PDF-REMOVING-ST-EDWARD.pdf\" target=\"_blank\" rel=\"noopener\">T\u00e9l\u00e9charger tous les plans<\/a><\/p>\n","protected":false},"excerpt":{"rendered":"<p>Il y a un temps pour l\u2019effervescence et un temps pour le silence. Pour cette raison, chaque unit\u00e9 a \u00e9t\u00e9 pens\u00e9e pour vous offrir un espace intime o\u00f9 la luminosit\u00e9 est reine. Dans le plus grand confort, contemplez la montagne au nord, le fleuve au sud, et, tout autour de vous, la beaut\u00e9 de votre [&hellip;]<\/p>\n","protected":false},"author":10,"featured_media":0,"parent":0,"menu_order":0,"comment_status":"closed","ping_status":"closed","template":"template-units.php","meta":{"_acf_changed":false,"footnotes":""},"class_list":["post-136","page","type-page","status-publish","hentry"],"acf":[],"yoast_head":"<!-- This site is optimized with the Yoast SEO plugin v25.4 - https:\/\/yoast.com\/wordpress\/plugins\/seo\/ -->\n<title>Havre de paix &#8226; Broccolini 628 Saint-Jacques<\/title>\n<meta name=\"robots\" content=\"index, follow, max-snippet:-1, max-image-preview:large, max-video-preview:-1\" \/>\n<link rel=\"canonical\" href=\"https:\/\/628saint-jacques.com\/fr\/suites\/\" \/>\n<meta property=\"og:locale\" content=\"fr_FR\" \/>\n<meta property=\"og:type\" content=\"article\" \/>\n<meta property=\"og:title\" content=\"Havre de paix &#8226; Broccolini 628 Saint-Jacques\" \/>\n<meta property=\"og:description\" content=\"Il y a un temps pour l\u2019effervescence et un temps pour le silence. Pour cette raison, chaque unit\u00e9 a \u00e9t\u00e9 pens\u00e9e pour vous offrir un espace intime o\u00f9 la luminosit\u00e9 est reine. Dans le plus grand confort, contemplez la montagne au nord, le fleuve au sud, et, tout autour de vous, la beaut\u00e9 de votre [&hellip;]\" \/>\n<meta property=\"og:url\" content=\"https:\/\/628saint-jacques.com\/fr\/suites\/\" \/>\n<meta property=\"og:site_name\" content=\"Broccolini 628 Saint-Jacques\" \/>\n<meta property=\"article:modified_time\" content=\"2025-10-01T03:06:33+00:00\" \/>\n<meta property=\"og:image\" content=\"https:\/\/628saint-jacques.com\/wp-content\/uploads\/2017\/08\/accueil_header_b.jpg\" \/>\n\t<meta property=\"og:image:width\" content=\"2289\" \/>\n\t<meta property=\"og:image:height\" content=\"1001\" \/>\n\t<meta property=\"og:image:type\" content=\"image\/jpeg\" \/>\n<meta name=\"twitter:card\" content=\"summary_large_image\" \/>\n<meta name=\"twitter:label1\" content=\"Dur\u00e9e de lecture estim\u00e9e\" \/>\n\t<meta name=\"twitter:data1\" content=\"1 minute\" \/>\n<script type=\"application\/ld+json\" class=\"yoast-schema-graph\">{\"@context\":\"https:\/\/schema.org\",\"@graph\":[{\"@type\":\"WebPage\",\"@id\":\"https:\/\/628saint-jacques.com\/fr\/suites\/\",\"url\":\"https:\/\/628saint-jacques.com\/fr\/suites\/\",\"name\":\"Havre de paix &#8226; Broccolini 628 Saint-Jacques\",\"isPartOf\":{\"@id\":\"https:\/\/628saint-jacques.com\/fr\/#website\"},\"datePublished\":\"2017-09-20T18:08:24+00:00\",\"dateModified\":\"2025-10-01T03:06:33+00:00\",\"breadcrumb\":{\"@id\":\"https:\/\/628saint-jacques.com\/fr\/suites\/#breadcrumb\"},\"inLanguage\":\"fr-FR\",\"potentialAction\":[{\"@type\":\"ReadAction\",\"target\":[\"https:\/\/628saint-jacques.com\/fr\/suites\/\"]}]},{\"@type\":\"BreadcrumbList\",\"@id\":\"https:\/\/628saint-jacques.com\/fr\/suites\/#breadcrumb\",\"itemListElement\":[{\"@type\":\"ListItem\",\"position\":1,\"name\":\"Home\",\"item\":\"https:\/\/628saint-jacques.com\/fr\/\"},{\"@type\":\"ListItem\",\"position\":2,\"name\":\"Havre de paix\"}]},{\"@type\":\"WebSite\",\"@id\":\"https:\/\/628saint-jacques.com\/fr\/#website\",\"url\":\"https:\/\/628saint-jacques.com\/fr\/\",\"name\":\"Broccolini 628 Saint-Jacques\",\"description\":\"Prestige et emplacement de choix : d\u00e9couvrez Le 628 Saint-Jacques, les nouveaux condos au Square Victoria\",\"potentialAction\":[{\"@type\":\"SearchAction\",\"target\":{\"@type\":\"EntryPoint\",\"urlTemplate\":\"https:\/\/628saint-jacques.com\/fr\/?s={search_term_string}\"},\"query-input\":{\"@type\":\"PropertyValueSpecification\",\"valueRequired\":true,\"valueName\":\"search_term_string\"}}],\"inLanguage\":\"fr-FR\"}]}<\/script>\n<!-- \/ Yoast SEO plugin. -->","yoast_head_json":{"title":"Havre de paix &#8226; Broccolini 628 Saint-Jacques","robots":{"index":"index","follow":"follow","max-snippet":"max-snippet:-1","max-image-preview":"max-image-preview:large","max-video-preview":"max-video-preview:-1"},"canonical":"https:\/\/628saint-jacques.com\/fr\/suites\/","og_locale":"fr_FR","og_type":"article","og_title":"Havre de paix &#8226; Broccolini 628 Saint-Jacques","og_description":"Il y a un temps pour l\u2019effervescence et un temps pour le silence. Pour cette raison, chaque unit\u00e9 a \u00e9t\u00e9 pens\u00e9e pour vous offrir un espace intime o\u00f9 la luminosit\u00e9 est reine. Dans le plus grand confort, contemplez la montagne au nord, le fleuve au sud, et, tout autour de vous, la beaut\u00e9 de votre [&hellip;]","og_url":"https:\/\/628saint-jacques.com\/fr\/suites\/","og_site_name":"Broccolini 628 Saint-Jacques","article_modified_time":"2025-10-01T03:06:33+00:00","og_image":[{"width":2289,"height":1001,"url":"https:\/\/628saint-jacques.com\/wp-content\/uploads\/2017\/08\/accueil_header_b.jpg","type":"image\/jpeg"}],"twitter_card":"summary_large_image","twitter_misc":{"Dur\u00e9e de lecture estim\u00e9e":"1 minute"},"schema":{"@context":"https:\/\/schema.org","@graph":[{"@type":"WebPage","@id":"https:\/\/628saint-jacques.com\/fr\/suites\/","url":"https:\/\/628saint-jacques.com\/fr\/suites\/","name":"Havre de paix &#8226; Broccolini 628 Saint-Jacques","isPartOf":{"@id":"https:\/\/628saint-jacques.com\/fr\/#website"},"datePublished":"2017-09-20T18:08:24+00:00","dateModified":"2025-10-01T03:06:33+00:00","breadcrumb":{"@id":"https:\/\/628saint-jacques.com\/fr\/suites\/#breadcrumb"},"inLanguage":"fr-FR","potentialAction":[{"@type":"ReadAction","target":["https:\/\/628saint-jacques.com\/fr\/suites\/"]}]},{"@type":"BreadcrumbList","@id":"https:\/\/628saint-jacques.com\/fr\/suites\/#breadcrumb","itemListElement":[{"@type":"ListItem","position":1,"name":"Home","item":"https:\/\/628saint-jacques.com\/fr\/"},{"@type":"ListItem","position":2,"name":"Havre de paix"}]},{"@type":"WebSite","@id":"https:\/\/628saint-jacques.com\/fr\/#website","url":"https:\/\/628saint-jacques.com\/fr\/","name":"Broccolini 628 Saint-Jacques","description":"Prestige et emplacement de choix : d\u00e9couvrez Le 628 Saint-Jacques, les nouveaux condos au Square Victoria","potentialAction":[{"@type":"SearchAction","target":{"@type":"EntryPoint","urlTemplate":"https:\/\/628saint-jacques.com\/fr\/?s={search_term_string}"},"query-input":{"@type":"PropertyValueSpecification","valueRequired":true,"valueName":"search_term_string"}}],"inLanguage":"fr-FR"}]}},"_links":{"self":[{"href":"https:\/\/628saint-jacques.com\/fr\/wp-json\/wp\/v2\/pages\/136","targetHints":{"allow":["GET"]}}],"collection":[{"href":"https:\/\/628saint-jacques.com\/fr\/wp-json\/wp\/v2\/pages"}],"about":[{"href":"https:\/\/628saint-jacques.com\/fr\/wp-json\/wp\/v2\/types\/page"}],"author":[{"embeddable":true,"href":"https:\/\/628saint-jacques.com\/fr\/wp-json\/wp\/v2\/users\/10"}],"replies":[{"embeddable":true,"href":"https:\/\/628saint-jacques.com\/fr\/wp-json\/wp\/v2\/comments?post=136"}],"version-history":[{"count":24,"href":"https:\/\/628saint-jacques.com\/fr\/wp-json\/wp\/v2\/pages\/136\/revisions"}],"predecessor-version":[{"id":2356,"href":"https:\/\/628saint-jacques.com\/fr\/wp-json\/wp\/v2\/pages\/136\/revisions\/2356"}],"wp:attachment":[{"href":"https:\/\/628saint-jacques.com\/fr\/wp-json\/wp\/v2\/media?parent=136"}],"curies":[{"name":"wp","href":"https:\/\/api.w.org\/{rel}","templated":true}]}}