{"id":2179,"date":"2024-03-12T16:06:49","date_gmt":"2024-03-12T20:06:49","guid":{"rendered":"https:\/\/628saint-jacques.com\/?page_id=2179"},"modified":"2024-03-12T16:26:50","modified_gmt":"2024-03-12T20:26:50","slug":"politique-de-confidentialite","status":"publish","type":"page","link":"https:\/\/628saint-jacques.com\/fr\/politique-de-confidentialite\/","title":{"rendered":"Politique de confidentialit\u00e9"},"content":{"rendered":"<h2 class=\"h1\">Politique de confidentialit\u00e9<\/h2>\n<p>La confidentialit\u00e9, la s\u00e9curit\u00e9 des renseignements personnels et le respect de la vie priv\u00e9e des utilisateurs du site Web sont primordiaux pour Broccolini, ses filiales et soci\u00e9t\u00e9s affili\u00e9es (\u00ab Broccolini \u00bb, \u00ab nous \u00bb). Broccolini met en oeuvre les moyens n\u00e9cessaires pour garantir la protection et la confidentialit\u00e9 de ces renseignements. Pour rendre possible la navigation sur son site, Broccolini recourt \u00e0 des fichiers t\u00e9moins (cookies) dans le respect des exigences pos\u00e9es par la loi. Pour en savoir plus sur notre politique \u00e0 ce sujet, veuillez consulter notre Politique de protection des renseignements personnels et de confidentialit\u00e9.<\/p>\n<p><strong>POLITIQUE DE CONFIDENTIALIT\u00c9<\/strong><br \/>\n<strong>Introduction<\/strong><br \/>\nDevant le d\u00e9veloppement des nouveaux outils de communication, il est n\u00e9cessaire de porter une attention particuli\u00e8re \u00e0 la protection de la vie priv\u00e9e. C&rsquo;est pourquoi, nous nous engageons \u00e0 respecter la confidentialit\u00e9 des renseignements personnels que nous collectons.<\/p>\n<p><strong>Collecte des renseignements personnels<\/strong><br \/>\nNous collectons les renseignements suivants :<br \/>\n&#8211; Nom<br \/>\n&#8211; Pr\u00e9nom<br \/>\n&#8211; Code postal<br \/>\n&#8211; Adresse \u00e9lectronique<br \/>\n&#8211; Num\u00e9ro de t\u00e9l\u00e9phone \/ t\u00e9l\u00e9copieur<br \/>\n&#8211; Profession<\/p>\n<p>Les renseignements personnels que nous collectons sont recueillis au travers de formulaires et gr\u00e2ce \u00e0 l&rsquo;interactivit\u00e9 \u00e9tablie entre vous et notre site Web. Nous utilisons \u00e9galement, comme indiqu\u00e9 dans la section suivante, des fichiers t\u00e9moins et\/ou journaux pour r\u00e9unir des informations vous concernant.<\/p>\n<p><strong>Formulaires et interactivit\u00e9 :<\/strong><br \/>\nVos renseignements personnels sont collect\u00e9s par le biais de formulaire, \u00e0 savoir :<br \/>\n&#8211; Formulaire d&rsquo;inscription au site Web<\/p>\n<p>Nous utilisons les renseignements ainsi collect\u00e9s pour les finalit\u00e9s suivantes :<br \/>\n&#8211; Informations \/ Offres promotionnelles<br \/>\n&#8211; Statistiques<br \/>\n&#8211; Contact<\/p>\n<p>Vos renseignements sont \u00e9galement collect\u00e9s par le biais de l&rsquo;interactivit\u00e9 pouvant s&rsquo;\u00e9tablir entre vous et notre site Web et ce, de la fa\u00e7on suivante :<br \/>\n&#8211; Statistiques<br \/>\n&#8211; Contact<\/p>\n<p>Nous utilisons les renseignements ainsi collect\u00e9s pour les finalit\u00e9s suivantes :<br \/>\n&#8211; Correspondance<br \/>\n&#8211; Formulaire de contact<br \/>\n&#8211; Informations ou pour des offres promotionnelles<\/p>\n<p><strong>Fichiers journaux et t\u00e9moins<\/strong><br \/>\nNous recueillons certaines informations par le biais de fichiers journaux (log file) et de fichiers t\u00e9moins (cookies). Il s&rsquo;agit principalement des informations suivantes :<br \/>\n&#8211; Pages visit\u00e9es et requ\u00eates<br \/>\n&#8211; Heure et jour de connexion<\/p>\n<p>Le recours \u00e0 de tels fichiers nous permet de :<br \/>\n&#8211; Ne pas r\u00e9afficher des sections qui ont \u00e9t\u00e9 ferm\u00e9es<\/p>\n<p><strong>Droit d&rsquo;opposition et de retrait<\/strong><br \/>\nNous nous engageons \u00e0 vous offrir un droit d&rsquo;opposition et de retrait quant \u00e0 vos renseignements personnels.<\/p>\n<p>Le droit d&rsquo;opposition s&rsquo;entend comme \u00e9tant la possibilit\u00e9 offerte aux internautes de refuser que leurs renseignements personnels soient utilis\u00e9s \u00e0 certaines fins mentionn\u00e9es lors de la collecte.<\/p>\n<p>Le droit de retrait s&rsquo;entend comme \u00e9tant la possibilit\u00e9 offerte aux internautes de demander \u00e0 ce que leurs renseignements personnels ne figurent plus, par exemple, dans une liste de diffusion.<\/p>\n<p>Pour pouvoir exercer ces droits, vous pouvez communiquer avec nous :<br \/>\nAdresse: 16766 Route Transcanadienne #500, Kirkland, QC H9H 4M7<br \/>\nCourriel: <a href=\"mailto:info@628saint-jacques.com\">info@628saint-jacques.com<\/a><br \/>\nT\u00e9l\u00e9phone: <a href=\"tel:1-514-737-0076\">(514) 737-0076<\/a><br \/>\nSite web : <a href=\"https:\/\/628saint-jacques.com\/\">628saint-jacques.com<\/a><\/p>\n<p><strong>Droit d&rsquo;acc\u00e8s<\/strong><br \/>\nNous nous engageons \u00e0 reconna\u00eetre un droit d&rsquo;acc\u00e8s et de rectification aux personnes concern\u00e9es d\u00e9sireuses de consulter, modifier, voire radier les informations les concernant.<\/p>\n<p>Pour pouvoir exercer ces droits, vous pouvez communiquer avec nous :<\/p>\n<p>Pour pouvoir exercer ces droits, vous pouvez communiquer avec nous :<br \/>\nAdresse: 16766 Route Transcanadienne #500, Kirkland, QC H9H 4M7<br \/>\nCourriel: <a href=\"mailto:info@628saint-jacques.com\">info@628saint-jacques.com<\/a><br \/>\nT\u00e9l\u00e9phone: <a href=\"tel:1-514-737-0076\">(514) 737-0076<\/a><br \/>\nSite web : <a href=\"https:\/\/628saint-jacques.com\">628saint-jacques.com<\/a><\/p>\n<p><strong>POLITIQUE D\u2019ACCESSIBILIT\u00c9 \u2013 LAPHO<\/strong><\/p>\n<p><strong>Politique d\u2019accessibilit\u00e9<\/strong><br \/>\nBroccolini s\u2019engage \u00e0 se conformer \u00e0 toutes les exigences du r\u00e8glement sur les Normes d\u2019accessibilit\u00e9 pour les services \u00e0 la client\u00e8le de la LAPHO et se base sur celles-ci et sur les Lignes directrices sur les normes d\u2019accessibilit\u00e9 int\u00e9gr\u00e9es de la LAPHO pour cr\u00e9er leur Politique d\u2019accessibilit\u00e9.<\/p>\n<p>La Politique d\u2019accessibilit\u00e9 garantit le traitement \u00e9gal des personnes handicap\u00e9es en ce qui concerne l\u2019utilisation des programmes, des biens et des installations de Broccolini et garantit que les services de Broccolini soient fournis de mani\u00e8re qui respecte leur dignit\u00e9 et qui soit \u00e9quitable par rapport au grand public dans les domaines du service \u00e0 la client\u00e8le, de l\u2019information, de la communication et de l\u2019emploi.<\/p>\n<p><strong>Formats accessibles et aides \u00e0 la communication<\/strong><br \/>\nVous pouvez demander des formats et des mat\u00e9riaux de communications accessibles en communiquant avec le service des Talent et Culture \u00e0:<a href=\"mailto:info@628saint-jacques.com\">info@628saint-jacques.com<\/a> ou au <a href=\"tel:1-514-737-0076\">(514) 737-0076<\/a><\/p>\n","protected":false},"excerpt":{"rendered":"<p>Politique de confidentialit\u00e9 La confidentialit\u00e9, la s\u00e9curit\u00e9 des renseignements personnels et le respect de la vie priv\u00e9e des utilisateurs du site Web sont primordiaux pour Broccolini, ses filiales et soci\u00e9t\u00e9s affili\u00e9es (\u00ab Broccolini \u00bb, \u00ab nous \u00bb). Broccolini met en oeuvre les moyens n\u00e9cessaires pour garantir la protection et la confidentialit\u00e9 de ces renseignements. Pour [&hellip;]<\/p>\n","protected":false},"author":10,"featured_media":0,"parent":0,"menu_order":0,"comment_status":"closed","ping_status":"closed","template":"template-content-iframe.php","meta":{"_acf_changed":false,"footnotes":""},"class_list":["post-2179","page","type-page","status-publish","hentry"],"acf":[],"yoast_head":"<!-- This site is optimized with the Yoast SEO plugin v25.4 - https:\/\/yoast.com\/wordpress\/plugins\/seo\/ -->\n<title>Politique de confidentialit\u00e9 &#8226; Broccolini 628 Saint-Jacques<\/title>\n<meta name=\"robots\" content=\"index, follow, max-snippet:-1, max-image-preview:large, max-video-preview:-1\" \/>\n<link rel=\"canonical\" href=\"https:\/\/628saint-jacques.com\/fr\/politique-de-confidentialite\/\" \/>\n<meta property=\"og:locale\" content=\"fr_FR\" \/>\n<meta property=\"og:type\" content=\"article\" \/>\n<meta property=\"og:title\" content=\"Politique de confidentialit\u00e9 &#8226; Broccolini 628 Saint-Jacques\" \/>\n<meta property=\"og:description\" content=\"Politique de confidentialit\u00e9 La confidentialit\u00e9, la s\u00e9curit\u00e9 des renseignements personnels et le respect de la vie priv\u00e9e des utilisateurs du site Web sont primordiaux pour Broccolini, ses filiales et soci\u00e9t\u00e9s affili\u00e9es (\u00ab Broccolini \u00bb, \u00ab nous \u00bb). Broccolini met en oeuvre les moyens n\u00e9cessaires pour garantir la protection et la confidentialit\u00e9 de ces renseignements. Pour [&hellip;]\" \/>\n<meta property=\"og:url\" content=\"https:\/\/628saint-jacques.com\/fr\/politique-de-confidentialite\/\" \/>\n<meta property=\"og:site_name\" content=\"Broccolini 628 Saint-Jacques\" \/>\n<meta property=\"article:modified_time\" content=\"2024-03-12T20:26:50+00:00\" \/>\n<meta property=\"og:image\" content=\"https:\/\/628saint-jacques.com\/wp-content\/uploads\/2017\/08\/accueil_header_b.jpg\" \/>\n\t<meta property=\"og:image:width\" content=\"2289\" \/>\n\t<meta property=\"og:image:height\" content=\"1001\" \/>\n\t<meta property=\"og:image:type\" content=\"image\/jpeg\" \/>\n<meta name=\"twitter:card\" content=\"summary_large_image\" \/>\n<meta name=\"twitter:label1\" content=\"Dur\u00e9e de lecture estim\u00e9e\" \/>\n\t<meta name=\"twitter:data1\" content=\"3 minutes\" \/>\n<script type=\"application\/ld+json\" class=\"yoast-schema-graph\">{\"@context\":\"https:\/\/schema.org\",\"@graph\":[{\"@type\":\"WebPage\",\"@id\":\"https:\/\/628saint-jacques.com\/fr\/politique-de-confidentialite\/\",\"url\":\"https:\/\/628saint-jacques.com\/fr\/politique-de-confidentialite\/\",\"name\":\"Politique de confidentialit\u00e9 &#8226; Broccolini 628 Saint-Jacques\",\"isPartOf\":{\"@id\":\"https:\/\/628saint-jacques.com\/fr\/#website\"},\"datePublished\":\"2024-03-12T20:06:49+00:00\",\"dateModified\":\"2024-03-12T20:26:50+00:00\",\"breadcrumb\":{\"@id\":\"https:\/\/628saint-jacques.com\/fr\/politique-de-confidentialite\/#breadcrumb\"},\"inLanguage\":\"fr-FR\",\"potentialAction\":[{\"@type\":\"ReadAction\",\"target\":[\"https:\/\/628saint-jacques.com\/fr\/politique-de-confidentialite\/\"]}]},{\"@type\":\"BreadcrumbList\",\"@id\":\"https:\/\/628saint-jacques.com\/fr\/politique-de-confidentialite\/#breadcrumb\",\"itemListElement\":[{\"@type\":\"ListItem\",\"position\":1,\"name\":\"Home\",\"item\":\"https:\/\/628saint-jacques.com\/fr\/\"},{\"@type\":\"ListItem\",\"position\":2,\"name\":\"Politique de confidentialit\u00e9\"}]},{\"@type\":\"WebSite\",\"@id\":\"https:\/\/628saint-jacques.com\/fr\/#website\",\"url\":\"https:\/\/628saint-jacques.com\/fr\/\",\"name\":\"Broccolini 628 Saint-Jacques\",\"description\":\"Prestige et emplacement de choix : d\u00e9couvrez Le 628 Saint-Jacques, les nouveaux condos au Square Victoria\",\"potentialAction\":[{\"@type\":\"SearchAction\",\"target\":{\"@type\":\"EntryPoint\",\"urlTemplate\":\"https:\/\/628saint-jacques.com\/fr\/?s={search_term_string}\"},\"query-input\":{\"@type\":\"PropertyValueSpecification\",\"valueRequired\":true,\"valueName\":\"search_term_string\"}}],\"inLanguage\":\"fr-FR\"}]}<\/script>\n<!-- \/ Yoast SEO plugin. -->","yoast_head_json":{"title":"Politique de confidentialit\u00e9 &#8226; Broccolini 628 Saint-Jacques","robots":{"index":"index","follow":"follow","max-snippet":"max-snippet:-1","max-image-preview":"max-image-preview:large","max-video-preview":"max-video-preview:-1"},"canonical":"https:\/\/628saint-jacques.com\/fr\/politique-de-confidentialite\/","og_locale":"fr_FR","og_type":"article","og_title":"Politique de confidentialit\u00e9 &#8226; Broccolini 628 Saint-Jacques","og_description":"Politique de confidentialit\u00e9 La confidentialit\u00e9, la s\u00e9curit\u00e9 des renseignements personnels et le respect de la vie priv\u00e9e des utilisateurs du site Web sont primordiaux pour Broccolini, ses filiales et soci\u00e9t\u00e9s affili\u00e9es (\u00ab Broccolini \u00bb, \u00ab nous \u00bb). Broccolini met en oeuvre les moyens n\u00e9cessaires pour garantir la protection et la confidentialit\u00e9 de ces renseignements. Pour [&hellip;]","og_url":"https:\/\/628saint-jacques.com\/fr\/politique-de-confidentialite\/","og_site_name":"Broccolini 628 Saint-Jacques","article_modified_time":"2024-03-12T20:26:50+00:00","og_image":[{"width":2289,"height":1001,"url":"https:\/\/628saint-jacques.com\/wp-content\/uploads\/2017\/08\/accueil_header_b.jpg","type":"image\/jpeg"}],"twitter_card":"summary_large_image","twitter_misc":{"Dur\u00e9e de lecture estim\u00e9e":"3 minutes"},"schema":{"@context":"https:\/\/schema.org","@graph":[{"@type":"WebPage","@id":"https:\/\/628saint-jacques.com\/fr\/politique-de-confidentialite\/","url":"https:\/\/628saint-jacques.com\/fr\/politique-de-confidentialite\/","name":"Politique de confidentialit\u00e9 &#8226; Broccolini 628 Saint-Jacques","isPartOf":{"@id":"https:\/\/628saint-jacques.com\/fr\/#website"},"datePublished":"2024-03-12T20:06:49+00:00","dateModified":"2024-03-12T20:26:50+00:00","breadcrumb":{"@id":"https:\/\/628saint-jacques.com\/fr\/politique-de-confidentialite\/#breadcrumb"},"inLanguage":"fr-FR","potentialAction":[{"@type":"ReadAction","target":["https:\/\/628saint-jacques.com\/fr\/politique-de-confidentialite\/"]}]},{"@type":"BreadcrumbList","@id":"https:\/\/628saint-jacques.com\/fr\/politique-de-confidentialite\/#breadcrumb","itemListElement":[{"@type":"ListItem","position":1,"name":"Home","item":"https:\/\/628saint-jacques.com\/fr\/"},{"@type":"ListItem","position":2,"name":"Politique de confidentialit\u00e9"}]},{"@type":"WebSite","@id":"https:\/\/628saint-jacques.com\/fr\/#website","url":"https:\/\/628saint-jacques.com\/fr\/","name":"Broccolini 628 Saint-Jacques","description":"Prestige et emplacement de choix : d\u00e9couvrez Le 628 Saint-Jacques, les nouveaux condos au Square Victoria","potentialAction":[{"@type":"SearchAction","target":{"@type":"EntryPoint","urlTemplate":"https:\/\/628saint-jacques.com\/fr\/?s={search_term_string}"},"query-input":{"@type":"PropertyValueSpecification","valueRequired":true,"valueName":"search_term_string"}}],"inLanguage":"fr-FR"}]}},"_links":{"self":[{"href":"https:\/\/628saint-jacques.com\/fr\/wp-json\/wp\/v2\/pages\/2179","targetHints":{"allow":["GET"]}}],"collection":[{"href":"https:\/\/628saint-jacques.com\/fr\/wp-json\/wp\/v2\/pages"}],"about":[{"href":"https:\/\/628saint-jacques.com\/fr\/wp-json\/wp\/v2\/types\/page"}],"author":[{"embeddable":true,"href":"https:\/\/628saint-jacques.com\/fr\/wp-json\/wp\/v2\/users\/10"}],"replies":[{"embeddable":true,"href":"https:\/\/628saint-jacques.com\/fr\/wp-json\/wp\/v2\/comments?post=2179"}],"version-history":[{"count":5,"href":"https:\/\/628saint-jacques.com\/fr\/wp-json\/wp\/v2\/pages\/2179\/revisions"}],"predecessor-version":[{"id":2190,"href":"https:\/\/628saint-jacques.com\/fr\/wp-json\/wp\/v2\/pages\/2179\/revisions\/2190"}],"wp:attachment":[{"href":"https:\/\/628saint-jacques.com\/fr\/wp-json\/wp\/v2\/media?parent=2179"}],"curies":[{"name":"wp","href":"https:\/\/api.w.org\/{rel}","templated":true}]}}