{"id":81,"date":"2017-08-22T16:02:59","date_gmt":"2017-08-22T20:02:59","guid":{"rendered":"https:\/\/628saint-jacques.com\/?page_id=81\/"},"modified":"2026-02-02T22:25:04","modified_gmt":"2026-02-03T03:25:04","slug":"contact","status":"publish","type":"page","link":"https:\/\/628saint-jacques.com\/fr\/contact\/","title":{"rendered":"Coordonn\u00e9es"},"content":{"rendered":"<p>Bureau des ventes<br \/>\n622 Rue Saint-Jacques,<br \/>\nMontr\u00e9al QC, H3C 1C7<\/p>\n<p><a href=\"tel:15146938155\">1 514.693.8155<\/a><br \/>\n<a href=\"mailto:info@628saint-jacques.com\">info@628saint-jacques.com<\/a><\/p>\n<p><strong>Heures d&rsquo;ouverture<\/strong><br \/>\n<strong>Lundi &#8211; Jeudi<\/strong><br \/>\n12h \u00e0 18h<\/p>\n<p><strong>Vendredi<\/strong><br \/>\nFerm\u00e9<\/p>\n<p><strong>Samedi et Dimanche<\/strong><br \/>\n12h \u00e0 17h<\/p>\n","protected":false},"excerpt":{"rendered":"<p>Bureau des ventes 622 Rue Saint-Jacques, Montr\u00e9al QC, H3C 1C7 1 514.693.8155 info@628saint-jacques.com Heures d&rsquo;ouverture Lundi &#8211; Jeudi 12h \u00e0 18h Vendredi Ferm\u00e9 Samedi et Dimanche 12h \u00e0 17h<\/p>\n","protected":false},"author":10,"featured_media":0,"parent":0,"menu_order":0,"comment_status":"closed","ping_status":"closed","template":"template-contact.php","meta":{"_acf_changed":false,"footnotes":""},"class_list":["post-81","page","type-page","status-publish","hentry"],"acf":[],"yoast_head":"<!-- This site is optimized with the Yoast SEO plugin v25.4 - https:\/\/yoast.com\/wordpress\/plugins\/seo\/ -->\n<title>Coordonn\u00e9es &#8226; Broccolini 628 Saint-Jacques<\/title>\n<meta name=\"robots\" content=\"index, follow, max-snippet:-1, max-image-preview:large, max-video-preview:-1\" \/>\n<link rel=\"canonical\" href=\"https:\/\/628saint-jacques.com\/fr\/contact\/\" \/>\n<meta property=\"og:locale\" content=\"fr_FR\" \/>\n<meta property=\"og:type\" content=\"article\" \/>\n<meta property=\"og:title\" content=\"Coordonn\u00e9es &#8226; Broccolini 628 Saint-Jacques\" \/>\n<meta property=\"og:description\" content=\"Bureau des ventes 622 Rue Saint-Jacques, Montr\u00e9al QC, H3C 1C7 1 514.693.8155 info@628saint-jacques.com Heures d&rsquo;ouverture Lundi &#8211; Jeudi 12h \u00e0 18h Vendredi Ferm\u00e9 Samedi et Dimanche 12h \u00e0 17h\" \/>\n<meta property=\"og:url\" content=\"https:\/\/628saint-jacques.com\/fr\/contact\/\" \/>\n<meta property=\"og:site_name\" content=\"Broccolini 628 Saint-Jacques\" \/>\n<meta property=\"article:modified_time\" content=\"2026-02-03T03:25:04+00:00\" \/>\n<meta property=\"og:image\" content=\"https:\/\/628saint-jacques.com\/wp-content\/uploads\/2017\/08\/accueil_header_b.jpg\" \/>\n\t<meta property=\"og:image:width\" content=\"2289\" \/>\n\t<meta property=\"og:image:height\" content=\"1001\" \/>\n\t<meta property=\"og:image:type\" content=\"image\/jpeg\" \/>\n<meta name=\"twitter:card\" content=\"summary_large_image\" \/>\n<meta name=\"twitter:label1\" content=\"Dur\u00e9e de lecture estim\u00e9e\" \/>\n\t<meta name=\"twitter:data1\" content=\"1 minute\" \/>\n<script type=\"application\/ld+json\" class=\"yoast-schema-graph\">{\"@context\":\"https:\/\/schema.org\",\"@graph\":[{\"@type\":\"WebPage\",\"@id\":\"https:\/\/628saint-jacques.com\/fr\/contact\/\",\"url\":\"https:\/\/628saint-jacques.com\/fr\/contact\/\",\"name\":\"Coordonn\u00e9es &#8226; Broccolini 628 Saint-Jacques\",\"isPartOf\":{\"@id\":\"https:\/\/628saint-jacques.com\/fr\/#website\"},\"datePublished\":\"2017-08-22T20:02:59+00:00\",\"dateModified\":\"2026-02-03T03:25:04+00:00\",\"breadcrumb\":{\"@id\":\"https:\/\/628saint-jacques.com\/fr\/contact\/#breadcrumb\"},\"inLanguage\":\"fr-FR\",\"potentialAction\":[{\"@type\":\"ReadAction\",\"target\":[\"https:\/\/628saint-jacques.com\/fr\/contact\/\"]}]},{\"@type\":\"BreadcrumbList\",\"@id\":\"https:\/\/628saint-jacques.com\/fr\/contact\/#breadcrumb\",\"itemListElement\":[{\"@type\":\"ListItem\",\"position\":1,\"name\":\"Home\",\"item\":\"https:\/\/628saint-jacques.com\/fr\/\"},{\"@type\":\"ListItem\",\"position\":2,\"name\":\"Coordonn\u00e9es\"}]},{\"@type\":\"WebSite\",\"@id\":\"https:\/\/628saint-jacques.com\/fr\/#website\",\"url\":\"https:\/\/628saint-jacques.com\/fr\/\",\"name\":\"Broccolini 628 Saint-Jacques\",\"description\":\"Prestige et emplacement de choix : d\u00e9couvrez Le 628 Saint-Jacques, les nouveaux condos au Square Victoria\",\"potentialAction\":[{\"@type\":\"SearchAction\",\"target\":{\"@type\":\"EntryPoint\",\"urlTemplate\":\"https:\/\/628saint-jacques.com\/fr\/?s={search_term_string}\"},\"query-input\":{\"@type\":\"PropertyValueSpecification\",\"valueRequired\":true,\"valueName\":\"search_term_string\"}}],\"inLanguage\":\"fr-FR\"}]}<\/script>\n<!-- \/ Yoast SEO plugin. -->","yoast_head_json":{"title":"Coordonn\u00e9es &#8226; Broccolini 628 Saint-Jacques","robots":{"index":"index","follow":"follow","max-snippet":"max-snippet:-1","max-image-preview":"max-image-preview:large","max-video-preview":"max-video-preview:-1"},"canonical":"https:\/\/628saint-jacques.com\/fr\/contact\/","og_locale":"fr_FR","og_type":"article","og_title":"Coordonn\u00e9es &#8226; Broccolini 628 Saint-Jacques","og_description":"Bureau des ventes 622 Rue Saint-Jacques, Montr\u00e9al QC, H3C 1C7 1 514.693.8155 info@628saint-jacques.com Heures d&rsquo;ouverture Lundi &#8211; Jeudi 12h \u00e0 18h Vendredi Ferm\u00e9 Samedi et Dimanche 12h \u00e0 17h","og_url":"https:\/\/628saint-jacques.com\/fr\/contact\/","og_site_name":"Broccolini 628 Saint-Jacques","article_modified_time":"2026-02-03T03:25:04+00:00","og_image":[{"width":2289,"height":1001,"url":"https:\/\/628saint-jacques.com\/wp-content\/uploads\/2017\/08\/accueil_header_b.jpg","type":"image\/jpeg"}],"twitter_card":"summary_large_image","twitter_misc":{"Dur\u00e9e de lecture estim\u00e9e":"1 minute"},"schema":{"@context":"https:\/\/schema.org","@graph":[{"@type":"WebPage","@id":"https:\/\/628saint-jacques.com\/fr\/contact\/","url":"https:\/\/628saint-jacques.com\/fr\/contact\/","name":"Coordonn\u00e9es &#8226; Broccolini 628 Saint-Jacques","isPartOf":{"@id":"https:\/\/628saint-jacques.com\/fr\/#website"},"datePublished":"2017-08-22T20:02:59+00:00","dateModified":"2026-02-03T03:25:04+00:00","breadcrumb":{"@id":"https:\/\/628saint-jacques.com\/fr\/contact\/#breadcrumb"},"inLanguage":"fr-FR","potentialAction":[{"@type":"ReadAction","target":["https:\/\/628saint-jacques.com\/fr\/contact\/"]}]},{"@type":"BreadcrumbList","@id":"https:\/\/628saint-jacques.com\/fr\/contact\/#breadcrumb","itemListElement":[{"@type":"ListItem","position":1,"name":"Home","item":"https:\/\/628saint-jacques.com\/fr\/"},{"@type":"ListItem","position":2,"name":"Coordonn\u00e9es"}]},{"@type":"WebSite","@id":"https:\/\/628saint-jacques.com\/fr\/#website","url":"https:\/\/628saint-jacques.com\/fr\/","name":"Broccolini 628 Saint-Jacques","description":"Prestige et emplacement de choix : d\u00e9couvrez Le 628 Saint-Jacques, les nouveaux condos au Square Victoria","potentialAction":[{"@type":"SearchAction","target":{"@type":"EntryPoint","urlTemplate":"https:\/\/628saint-jacques.com\/fr\/?s={search_term_string}"},"query-input":{"@type":"PropertyValueSpecification","valueRequired":true,"valueName":"search_term_string"}}],"inLanguage":"fr-FR"}]}},"_links":{"self":[{"href":"https:\/\/628saint-jacques.com\/fr\/wp-json\/wp\/v2\/pages\/81","targetHints":{"allow":["GET"]}}],"collection":[{"href":"https:\/\/628saint-jacques.com\/fr\/wp-json\/wp\/v2\/pages"}],"about":[{"href":"https:\/\/628saint-jacques.com\/fr\/wp-json\/wp\/v2\/types\/page"}],"author":[{"embeddable":true,"href":"https:\/\/628saint-jacques.com\/fr\/wp-json\/wp\/v2\/users\/10"}],"replies":[{"embeddable":true,"href":"https:\/\/628saint-jacques.com\/fr\/wp-json\/wp\/v2\/comments?post=81"}],"version-history":[{"count":15,"href":"https:\/\/628saint-jacques.com\/fr\/wp-json\/wp\/v2\/pages\/81\/revisions"}],"predecessor-version":[{"id":2373,"href":"https:\/\/628saint-jacques.com\/fr\/wp-json\/wp\/v2\/pages\/81\/revisions\/2373"}],"wp:attachment":[{"href":"https:\/\/628saint-jacques.com\/fr\/wp-json\/wp\/v2\/media?parent=81"}],"curies":[{"name":"wp","href":"https:\/\/api.w.org\/{rel}","templated":true}]}}